{"id":1467,"date":"2018-06-21T07:06:08","date_gmt":"2018-06-21T07:06:08","guid":{"rendered":"http:\/\/localhost\/tectxon\/?page_id=1467"},"modified":"2021-03-05T15:51:50","modified_gmt":"2021-03-05T20:51:50","slug":"proyectos","status":"publish","type":"page","link":"https:\/\/talleresunidosltda.com\/index.php\/proyectos\/","title":{"rendered":"Proyectos"},"content":{"rendered":"<p>[vc_row tm_bgimagefixed=&#8221;&#8221; css=&#8221;.vc_custom_1533794482488{padding-top: 65px !important;padding-bottom: 0px !important;}&#8221;][vc_column]<h2 style=\"text-align:left;font-size:36px;line-height:46px;\" class=\"tm-custom-heading \" >A continuaci\u00f3n, se relacionan nuestros proyectos.<\/h2>\n[vc_column_text]A continuaci\u00f3n, ver\u00e1 nuestros mejores proyectos industriales. Brindamos un soporte al cliente interminable y tambi\u00e9n garantizamos un nivel muy alto de satisfacci\u00f3n para nuestros clientes. Si tiene alguna pregunta, no dude en enviarnos un correo electr\u00f3nico a ingenieria@talleresunidosltda.com para obtener m\u00e1s detalles.[\/vc_column_text][\/vc_column][\/vc_row][vc_row tm_bgimagefixed=&#8221;&#8221; full_width=&#8221;stretch_row&#8221; css=&#8221;.vc_custom_1533794476978{padding-top: 20px !important;padding-bottom: 60px !important;}&#8221;][vc_column]<div class=\"themetechmount-boxes themetechmount-boxes-portfolio themetechmount-boxes-view-default themetechmount-boxes-col-three themetechmount-boxes-sortable-no themetechmount-boxes-textalign-center themetechmount-boxes-sortablebutton-square\">\n\t\t<div class=\"themetechmount-boxes-inner themetechmount-boxes-portfolio-inner \">\n\t\t\t\n\t\t\t<div class=\"row multi-columns-row themetechmount-boxes-row-wrapper\">\n\t\t\t\t<div class=\"tm-box-col-wrapper col-lg-4 col-sm-6 col-md-4 col-xs-12 mecanica\"><article class=\"themetechmount-box themetechmount-box-portfolio themetechmount-box-view-top-image themetechmount-portfolio-box-view-top-image \">\r\n\t<div class=\"themetechmount-post-item\">\r\n\t\t\r\n\t\t<div class=\"themetechmount-post-item-inner\">\r\n\t\t\t<div class=\"tm-featured-wrapper tm-tm_portfolio-featured-wrapper\"><a href=\"https:\/\/talleresunidosltda.com\/index.php\/portfolio\/tanque-de-natas-recuperadas\/\"><\/a><\/div>\t\t\t<div class=\"themetechmount-box-content themetechmount-overlay\">\r\n\t\t\t\t<div class=\"themetechmount-box-content-inner\">\r\n\t\t\t\t\t<div class=\"themetechmount-icon-box themetechmount-media-link\"><a class=\"tm_prettyphoto\" title=\"Tanque de Natas Recuperadas\" href=\"\"><i class=\"tm-tectxon-icon-image\"><\/i><\/a><a href=\" https:\/\/talleresunidosltda.com\/index.php\/portfolio\/tanque-de-natas-recuperadas\/\" class=\"themetechmount_pf_link\"><i class=\"tm-tectxon-icon-link\"><\/i><\/a><\/div>\t\r\n\t\t\t\t<\/div>\t\t\t\r\n\t\t\t<\/div>\r\n\t\t<\/div>\r\n\t\t\r\n\t\t<div class=\"themetechmount-box-bottom-content\">\t\t\r\n\t\t\t\t<div class=\"themetechmount-box-title\"><div class=\"themetechmount-box-title\"><h4><a href=\"https:\/\/talleresunidosltda.com\/index.php\/portfolio\/tanque-de-natas-recuperadas\/\">Tanque de Natas Recuperadas<\/a><\/h4><\/div><\/div>\r\n\t\t\t\t<div class=\"themetechmount-box-category\"><a href=\"https:\/\/talleresunidosltda.com\/index.php\/portfolio-category\/mecanica\/\" rel=\"tag\">Mec\u00e1nica<\/a><\/div>\t\t\t\r\n\t\t<\/div>\r\n\t<\/div>\r\n<\/article><\/div><div class=\"tm-box-col-wrapper col-lg-4 col-sm-6 col-md-4 col-xs-12 oil-and-gas\"><article class=\"themetechmount-box themetechmount-box-portfolio themetechmount-box-view-top-image themetechmount-portfolio-box-view-top-image \">\r\n\t<div class=\"themetechmount-post-item\">\r\n\t\t\r\n\t\t<div class=\"themetechmount-post-item-inner\">\r\n\t\t\t<div class=\"tm-featured-wrapper tm-tm_portfolio-featured-wrapper\"><a href=\"https:\/\/talleresunidosltda.com\/index.php\/portfolio\/anillo\/\"><\/a><\/div>\t\t\t<div class=\"themetechmount-box-content themetechmount-overlay\">\r\n\t\t\t\t<div class=\"themetechmount-box-content-inner\">\r\n\t\t\t\t\t<div class=\"themetechmount-icon-box themetechmount-media-link\"><a class=\"tm_prettyphoto\" title=\"Anillo\" href=\"\"><i class=\"tm-tectxon-icon-image\"><\/i><\/a><a href=\" https:\/\/talleresunidosltda.com\/index.php\/portfolio\/anillo\/\" class=\"themetechmount_pf_link\"><i class=\"tm-tectxon-icon-link\"><\/i><\/a><\/div>\t\r\n\t\t\t\t<\/div>\t\t\t\r\n\t\t\t<\/div>\r\n\t\t<\/div>\r\n\t\t\r\n\t\t<div class=\"themetechmount-box-bottom-content\">\t\t\r\n\t\t\t\t<div class=\"themetechmount-box-title\"><div class=\"themetechmount-box-title\"><h4><a href=\"https:\/\/talleresunidosltda.com\/index.php\/portfolio\/anillo\/\">Anillo<\/a><\/h4><\/div><\/div>\r\n\t\t\t\t<div class=\"themetechmount-box-category\"><a href=\"https:\/\/talleresunidosltda.com\/index.php\/portfolio-category\/oil-and-gas\/\" rel=\"tag\">Oil And Gas<\/a><\/div>\t\t\t\r\n\t\t<\/div>\r\n\t<\/div>\r\n<\/article><\/div><div class=\"tm-box-col-wrapper col-lg-4 col-sm-6 col-md-4 col-xs-12 oil-and-gas\"><article class=\"themetechmount-box themetechmount-box-portfolio themetechmount-box-view-top-image themetechmount-portfolio-box-view-top-image \">\r\n\t<div class=\"themetechmount-post-item\">\r\n\t\t\r\n\t\t<div class=\"themetechmount-post-item-inner\">\r\n\t\t\t<div class=\"tm-featured-wrapper tm-tm_portfolio-featured-wrapper\"><a href=\"https:\/\/talleresunidosltda.com\/index.php\/portfolio\/intercambiador-de-calor-akt\/\"><\/a><\/div>\t\t\t<div class=\"themetechmount-box-content themetechmount-overlay\">\r\n\t\t\t\t<div class=\"themetechmount-box-content-inner\">\r\n\t\t\t\t\t<div class=\"themetechmount-icon-box themetechmount-media-link\"><a class=\"tm_prettyphoto\" title=\"Intercambiador de calor AKT\" href=\"\"><i class=\"tm-tectxon-icon-image\"><\/i><\/a><a href=\" https:\/\/talleresunidosltda.com\/index.php\/portfolio\/intercambiador-de-calor-akt\/\" class=\"themetechmount_pf_link\"><i class=\"tm-tectxon-icon-link\"><\/i><\/a><\/div>\t\r\n\t\t\t\t<\/div>\t\t\t\r\n\t\t\t<\/div>\r\n\t\t<\/div>\r\n\t\t\r\n\t\t<div class=\"themetechmount-box-bottom-content\">\t\t\r\n\t\t\t\t<div class=\"themetechmount-box-title\"><div class=\"themetechmount-box-title\"><h4><a href=\"https:\/\/talleresunidosltda.com\/index.php\/portfolio\/intercambiador-de-calor-akt\/\">Intercambiador de calor AKT<\/a><\/h4><\/div><\/div>\r\n\t\t\t\t<div class=\"themetechmount-box-category\"><a href=\"https:\/\/talleresunidosltda.com\/index.php\/portfolio-category\/oil-and-gas\/\" rel=\"tag\">Oil And Gas<\/a><\/div>\t\t\t\r\n\t\t<\/div>\r\n\t<\/div>\r\n<\/article><\/div><div class=\"tm-box-col-wrapper col-lg-4 col-sm-6 col-md-4 col-xs-12 oil-and-gas\"><article class=\"themetechmount-box themetechmount-box-portfolio themetechmount-box-view-top-image themetechmount-portfolio-box-view-top-image \">\r\n\t<div class=\"themetechmount-post-item\">\r\n\t\t\r\n\t\t<div class=\"themetechmount-post-item-inner\">\r\n\t\t\t<div class=\"tm-featured-wrapper tm-tm_portfolio-featured-wrapper\"><a href=\"https:\/\/talleresunidosltda.com\/index.php\/portfolio\/tambor-de-blow-down\/\"><\/a><\/div>\t\t\t<div class=\"themetechmount-box-content themetechmount-overlay\">\r\n\t\t\t\t<div class=\"themetechmount-box-content-inner\">\r\n\t\t\t\t\t<div class=\"themetechmount-icon-box themetechmount-media-link\"><a class=\"tm_prettyphoto\" title=\"Tambor de Blow Down\" href=\"\"><i class=\"tm-tectxon-icon-image\"><\/i><\/a><a href=\" https:\/\/talleresunidosltda.com\/index.php\/portfolio\/tambor-de-blow-down\/\" class=\"themetechmount_pf_link\"><i class=\"tm-tectxon-icon-link\"><\/i><\/a><\/div>\t\r\n\t\t\t\t<\/div>\t\t\t\r\n\t\t\t<\/div>\r\n\t\t<\/div>\r\n\t\t\r\n\t\t<div class=\"themetechmount-box-bottom-content\">\t\t\r\n\t\t\t\t<div class=\"themetechmount-box-title\"><div class=\"themetechmount-box-title\"><h4><a href=\"https:\/\/talleresunidosltda.com\/index.php\/portfolio\/tambor-de-blow-down\/\">Tambor de Blow Down<\/a><\/h4><\/div><\/div>\r\n\t\t\t\t<div class=\"themetechmount-box-category\"><a href=\"https:\/\/talleresunidosltda.com\/index.php\/portfolio-category\/oil-and-gas\/\" rel=\"tag\">Oil And Gas<\/a><\/div>\t\t\t\r\n\t\t<\/div>\r\n\t<\/div>\r\n<\/article><\/div><div class=\"tm-box-col-wrapper col-lg-4 col-sm-6 col-md-4 col-xs-12 mecanica\"><article class=\"themetechmount-box themetechmount-box-portfolio themetechmount-box-view-top-image themetechmount-portfolio-box-view-top-image \">\r\n\t<div class=\"themetechmount-post-item\">\r\n\t\t\r\n\t\t<div class=\"themetechmount-post-item-inner\">\r\n\t\t\t<div class=\"tm-featured-wrapper tm-tm_portfolio-featured-wrapper\"><a href=\"https:\/\/talleresunidosltda.com\/index.php\/portfolio\/intercambiador\/\"><\/a><\/div>\t\t\t<div class=\"themetechmount-box-content themetechmount-overlay\">\r\n\t\t\t\t<div class=\"themetechmount-box-content-inner\">\r\n\t\t\t\t\t<div class=\"themetechmount-icon-box themetechmount-media-link\"><a class=\"tm_prettyphoto\" title=\"Intercambiador de calor\" href=\"\"><i class=\"tm-tectxon-icon-image\"><\/i><\/a><a href=\" https:\/\/talleresunidosltda.com\/index.php\/portfolio\/intercambiador\/\" class=\"themetechmount_pf_link\"><i class=\"tm-tectxon-icon-link\"><\/i><\/a><\/div>\t\r\n\t\t\t\t<\/div>\t\t\t\r\n\t\t\t<\/div>\r\n\t\t<\/div>\r\n\t\t\r\n\t\t<div class=\"themetechmount-box-bottom-content\">\t\t\r\n\t\t\t\t<div class=\"themetechmount-box-title\"><div class=\"themetechmount-box-title\"><h4><a href=\"https:\/\/talleresunidosltda.com\/index.php\/portfolio\/intercambiador\/\">Intercambiador de calor<\/a><\/h4><\/div><\/div>\r\n\t\t\t\t<div class=\"themetechmount-box-category\"><a href=\"https:\/\/talleresunidosltda.com\/index.php\/portfolio-category\/mecanica\/\" rel=\"tag\">Mec\u00e1nica<\/a><\/div>\t\t\t\r\n\t\t<\/div>\r\n\t<\/div>\r\n<\/article><\/div><div class=\"tm-box-col-wrapper col-lg-4 col-sm-6 col-md-4 col-xs-12 mecanica\"><article class=\"themetechmount-box themetechmount-box-portfolio themetechmount-box-view-top-image themetechmount-portfolio-box-view-top-image \">\r\n\t<div class=\"themetechmount-post-item\">\r\n\t\t\r\n\t\t<div class=\"themetechmount-post-item-inner\">\r\n\t\t\t<div class=\"tm-featured-wrapper tm-tm_portfolio-featured-wrapper\"><a href=\"https:\/\/talleresunidosltda.com\/index.php\/portfolio\/spring-renovation\/\"><\/a><\/div>\t\t\t<div class=\"themetechmount-box-content themetechmount-overlay\">\r\n\t\t\t\t<div class=\"themetechmount-box-content-inner\">\r\n\t\t\t\t\t<div class=\"themetechmount-icon-box themetechmount-media-link\"><a class=\"tm_prettyphoto\" title=\"Filtros de carb\u00f3n activado en acero inoxidable\" href=\"\"><i class=\"tm-tectxon-icon-image\"><\/i><\/a><a href=\" https:\/\/talleresunidosltda.com\/index.php\/portfolio\/spring-renovation\/\" class=\"themetechmount_pf_link\"><i class=\"tm-tectxon-icon-link\"><\/i><\/a><\/div>\t\r\n\t\t\t\t<\/div>\t\t\t\r\n\t\t\t<\/div>\r\n\t\t<\/div>\r\n\t\t\r\n\t\t<div class=\"themetechmount-box-bottom-content\">\t\t\r\n\t\t\t\t<div class=\"themetechmount-box-title\"><div class=\"themetechmount-box-title\"><h4><a href=\"https:\/\/talleresunidosltda.com\/index.php\/portfolio\/spring-renovation\/\">Filtros de carb\u00f3n activado en acero inoxidable<\/a><\/h4><\/div><\/div>\r\n\t\t\t\t<div class=\"themetechmount-box-category\"><a href=\"https:\/\/talleresunidosltda.com\/index.php\/portfolio-category\/mecanica\/\" rel=\"tag\">Mec\u00e1nica<\/a><\/div>\t\t\t\r\n\t\t<\/div>\r\n\t<\/div>\r\n<\/article><\/div><div class=\"tm-box-col-wrapper col-lg-4 col-sm-6 col-md-4 col-xs-12 machinery oil-and-gas\"><article class=\"themetechmount-box themetechmount-box-portfolio themetechmount-box-view-top-image themetechmount-portfolio-box-view-top-image \">\r\n\t<div class=\"themetechmount-post-item\">\r\n\t\t\r\n\t\t<div class=\"themetechmount-post-item-inner\">\r\n\t\t\t<div class=\"tm-featured-wrapper tm-tm_portfolio-featured-wrapper\"><a href=\"https:\/\/talleresunidosltda.com\/index.php\/portfolio\/vam-drilling\/\"><\/a><\/div>\t\t\t<div class=\"themetechmount-box-content themetechmount-overlay\">\r\n\t\t\t\t<div class=\"themetechmount-box-content-inner\">\r\n\t\t\t\t\t<div class=\"themetechmount-icon-box themetechmount-media-link\"><a class=\"tm_prettyphoto\" title=\"Filtro tipo canasta\" href=\"\"><i class=\"tm-tectxon-icon-image\"><\/i><\/a><a href=\" https:\/\/talleresunidosltda.com\/index.php\/portfolio\/vam-drilling\/\" class=\"themetechmount_pf_link\"><i class=\"tm-tectxon-icon-link\"><\/i><\/a><\/div>\t\r\n\t\t\t\t<\/div>\t\t\t\r\n\t\t\t<\/div>\r\n\t\t<\/div>\r\n\t\t\r\n\t\t<div class=\"themetechmount-box-bottom-content\">\t\t\r\n\t\t\t\t<div class=\"themetechmount-box-title\"><div class=\"themetechmount-box-title\"><h4><a href=\"https:\/\/talleresunidosltda.com\/index.php\/portfolio\/vam-drilling\/\">Filtro tipo canasta<\/a><\/h4><\/div><\/div>\r\n\t\t\t\t<div class=\"themetechmount-box-category\"><a href=\"https:\/\/talleresunidosltda.com\/index.php\/portfolio-category\/machinery\/\" rel=\"tag\">Machinery<\/a>, <a href=\"https:\/\/talleresunidosltda.com\/index.php\/portfolio-category\/oil-and-gas\/\" rel=\"tag\">Oil And Gas<\/a><\/div>\t\t\t\r\n\t\t<\/div>\r\n\t<\/div>\r\n<\/article><\/div><div class=\"tm-box-col-wrapper col-lg-4 col-sm-6 col-md-4 col-xs-12 mecanica petroquimica\"><article class=\"themetechmount-box themetechmount-box-portfolio themetechmount-box-view-top-image themetechmount-portfolio-box-view-top-image \">\r\n\t<div class=\"themetechmount-post-item\">\r\n\t\t\r\n\t\t<div class=\"themetechmount-post-item-inner\">\r\n\t\t\t<div class=\"tm-featured-wrapper tm-tm_portfolio-featured-wrapper\"><a href=\"https:\/\/talleresunidosltda.com\/index.php\/portfolio\/successful-venture\/\"><\/a><\/div>\t\t\t<div class=\"themetechmount-box-content themetechmount-overlay\">\r\n\t\t\t\t<div class=\"themetechmount-box-content-inner\">\r\n\t\t\t\t\t<div class=\"themetechmount-icon-box themetechmount-media-link\"><a class=\"tm_prettyphoto\" title=\"Desarenador v-411 a\/b\" href=\"\"><i class=\"tm-tectxon-icon-image\"><\/i><\/a><a href=\" https:\/\/talleresunidosltda.com\/index.php\/portfolio\/successful-venture\/\" class=\"themetechmount_pf_link\"><i class=\"tm-tectxon-icon-link\"><\/i><\/a><\/div>\t\r\n\t\t\t\t<\/div>\t\t\t\r\n\t\t\t<\/div>\r\n\t\t<\/div>\r\n\t\t\r\n\t\t<div class=\"themetechmount-box-bottom-content\">\t\t\r\n\t\t\t\t<div class=\"themetechmount-box-title\"><div class=\"themetechmount-box-title\"><h4><a href=\"https:\/\/talleresunidosltda.com\/index.php\/portfolio\/successful-venture\/\">Desarenador v-411 a\/b<\/a><\/h4><\/div><\/div>\r\n\t\t\t\t<div class=\"themetechmount-box-category\"><a href=\"https:\/\/talleresunidosltda.com\/index.php\/portfolio-category\/mecanica\/\" rel=\"tag\">Mec\u00e1nica<\/a>, <a href=\"https:\/\/talleresunidosltda.com\/index.php\/portfolio-category\/petroquimica\/\" rel=\"tag\">Petroqu\u00edmica<\/a><\/div>\t\t\t\r\n\t\t<\/div>\r\n\t<\/div>\r\n<\/article><\/div><div class=\"tm-box-col-wrapper col-lg-4 col-sm-6 col-md-4 col-xs-12 oil-and-gas\"><article class=\"themetechmount-box themetechmount-box-portfolio themetechmount-box-view-top-image themetechmount-portfolio-box-view-top-image \">\r\n\t<div class=\"themetechmount-post-item\">\r\n\t\t\r\n\t\t<div class=\"themetechmount-post-item-inner\">\r\n\t\t\t<div class=\"tm-featured-wrapper tm-tm_portfolio-featured-wrapper\"><a href=\"https:\/\/talleresunidosltda.com\/index.php\/portfolio\/industrial-complex\/\"><\/a><\/div>\t\t\t<div class=\"themetechmount-box-content themetechmount-overlay\">\r\n\t\t\t\t<div class=\"themetechmount-box-content-inner\">\r\n\t\t\t\t\t<div class=\"themetechmount-icon-box themetechmount-media-link\"><a class=\"tm_prettyphoto\" title=\"Bota de gas v-415a y desarenador din\u00e1mico de crudos\" href=\"\"><i class=\"tm-tectxon-icon-image\"><\/i><\/a><a href=\" https:\/\/talleresunidosltda.com\/index.php\/portfolio\/industrial-complex\/\" class=\"themetechmount_pf_link\"><i class=\"tm-tectxon-icon-link\"><\/i><\/a><\/div>\t\r\n\t\t\t\t<\/div>\t\t\t\r\n\t\t\t<\/div>\r\n\t\t<\/div>\r\n\t\t\r\n\t\t<div class=\"themetechmount-box-bottom-content\">\t\t\r\n\t\t\t\t<div class=\"themetechmount-box-title\"><div class=\"themetechmount-box-title\"><h4><a href=\"https:\/\/talleresunidosltda.com\/index.php\/portfolio\/industrial-complex\/\">Bota de gas v-415a y desarenador din\u00e1mico de crudos<\/a><\/h4><\/div><\/div>\r\n\t\t\t\t<div class=\"themetechmount-box-category\"><a href=\"https:\/\/talleresunidosltda.com\/index.php\/portfolio-category\/oil-and-gas\/\" rel=\"tag\">Oil And Gas<\/a><\/div>\t\t\t\r\n\t\t<\/div>\r\n\t<\/div>\r\n<\/article><\/div><div class=\"tm-box-col-wrapper col-lg-4 col-sm-6 col-md-4 col-xs-12 mecanica\"><article class=\"themetechmount-box themetechmount-box-portfolio themetechmount-box-view-top-image themetechmount-portfolio-box-view-top-image \">\r\n\t<div class=\"themetechmount-post-item\">\r\n\t\t\r\n\t\t<div class=\"themetechmount-post-item-inner\">\r\n\t\t\t<div class=\"tm-featured-wrapper tm-tm_portfolio-featured-wrapper\"><a href=\"https:\/\/talleresunidosltda.com\/index.php\/portfolio\/lets-work-together\/\"><\/a><\/div>\t\t\t<div class=\"themetechmount-box-content themetechmount-overlay\">\r\n\t\t\t\t<div class=\"themetechmount-box-content-inner\">\r\n\t\t\t\t\t<div class=\"themetechmount-icon-box themetechmount-media-link\"><a class=\"tm_prettyphoto\" title=\"Tambor de tea estacion lci7\" href=\"\"><i class=\"tm-tectxon-icon-image\"><\/i><\/a><a href=\" https:\/\/talleresunidosltda.com\/index.php\/portfolio\/lets-work-together\/\" class=\"themetechmount_pf_link\"><i class=\"tm-tectxon-icon-link\"><\/i><\/a><\/div>\t\r\n\t\t\t\t<\/div>\t\t\t\r\n\t\t\t<\/div>\r\n\t\t<\/div>\r\n\t\t\r\n\t\t<div class=\"themetechmount-box-bottom-content\">\t\t\r\n\t\t\t\t<div class=\"themetechmount-box-title\"><div class=\"themetechmount-box-title\"><h4><a href=\"https:\/\/talleresunidosltda.com\/index.php\/portfolio\/lets-work-together\/\">Tambor de tea estacion lci7<\/a><\/h4><\/div><\/div>\r\n\t\t\t\t<div class=\"themetechmount-box-category\"><a href=\"https:\/\/talleresunidosltda.com\/index.php\/portfolio-category\/mecanica\/\" rel=\"tag\">Mec\u00e1nica<\/a><\/div>\t\t\t\r\n\t\t<\/div>\r\n\t<\/div>\r\n<\/article><\/div><div class=\"tm-box-col-wrapper col-lg-4 col-sm-6 col-md-4 col-xs-12 petroleo\"><article class=\"themetechmount-box themetechmount-box-portfolio themetechmount-box-view-top-image themetechmount-portfolio-box-view-top-image \">\r\n\t<div class=\"themetechmount-post-item\">\r\n\t\t\r\n\t\t<div class=\"themetechmount-post-item-inner\">\r\n\t\t\t<div class=\"tm-featured-wrapper tm-tm_portfolio-featured-wrapper\"><a href=\"https:\/\/talleresunidosltda.com\/index.php\/portfolio\/corporate\/\"><\/a><\/div>\t\t\t<div class=\"themetechmount-box-content themetechmount-overlay\">\r\n\t\t\t\t<div class=\"themetechmount-box-content-inner\">\r\n\t\t\t\t\t<div class=\"themetechmount-icon-box themetechmount-media-link\"><a class=\"tm_prettyphoto\" title=\"Tanque para almacenamiento de diesel\" href=\"\"><i class=\"tm-tectxon-icon-image\"><\/i><\/a><a href=\" https:\/\/talleresunidosltda.com\/index.php\/portfolio\/corporate\/\" class=\"themetechmount_pf_link\"><i class=\"tm-tectxon-icon-link\"><\/i><\/a><\/div>\t\r\n\t\t\t\t<\/div>\t\t\t\r\n\t\t\t<\/div>\r\n\t\t<\/div>\r\n\t\t\r\n\t\t<div class=\"themetechmount-box-bottom-content\">\t\t\r\n\t\t\t\t<div class=\"themetechmount-box-title\"><div class=\"themetechmount-box-title\"><h4><a href=\"https:\/\/talleresunidosltda.com\/index.php\/portfolio\/corporate\/\">Tanque para almacenamiento de diesel<\/a><\/h4><\/div><\/div>\r\n\t\t\t\t<div class=\"themetechmount-box-category\"><a href=\"https:\/\/talleresunidosltda.com\/index.php\/portfolio-category\/petroleo\/\" rel=\"tag\">Petr\u00f3leo<\/a><\/div>\t\t\t\r\n\t\t<\/div>\r\n\t<\/div>\r\n<\/article><\/div><div class=\"tm-box-col-wrapper col-lg-4 col-sm-6 col-md-4 col-xs-12 mecanica\"><article class=\"themetechmount-box themetechmount-box-portfolio themetechmount-box-view-top-image themetechmount-portfolio-box-view-top-image \">\r\n\t<div class=\"themetechmount-post-item\">\r\n\t\t\r\n\t\t<div class=\"themetechmount-post-item-inner\">\r\n\t\t\t<div class=\"tm-featured-wrapper tm-tm_portfolio-featured-wrapper\"><a href=\"https:\/\/talleresunidosltda.com\/index.php\/portfolio\/unique_branding\/\"><\/a><\/div>\t\t\t<div class=\"themetechmount-box-content themetechmount-overlay\">\r\n\t\t\t\t<div class=\"themetechmount-box-content-inner\">\r\n\t\t\t\t\t<div class=\"themetechmount-icon-box themetechmount-media-link\"><a class=\"tm_prettyphoto\" title=\"Intercambiador de calor para torre de enfriamiento\" href=\"\"><i class=\"tm-tectxon-icon-image\"><\/i><\/a><a href=\" https:\/\/talleresunidosltda.com\/index.php\/portfolio\/unique_branding\/\" class=\"themetechmount_pf_link\"><i class=\"tm-tectxon-icon-link\"><\/i><\/a><\/div>\t\r\n\t\t\t\t<\/div>\t\t\t\r\n\t\t\t<\/div>\r\n\t\t<\/div>\r\n\t\t\r\n\t\t<div class=\"themetechmount-box-bottom-content\">\t\t\r\n\t\t\t\t<div class=\"themetechmount-box-title\"><div class=\"themetechmount-box-title\"><h4><a href=\"https:\/\/talleresunidosltda.com\/index.php\/portfolio\/unique_branding\/\">Intercambiador de calor para torre de enfriamiento<\/a><\/h4><\/div><\/div>\r\n\t\t\t\t<div class=\"themetechmount-box-category\"><a href=\"https:\/\/talleresunidosltda.com\/index.php\/portfolio-category\/mecanica\/\" rel=\"tag\">Mec\u00e1nica<\/a><\/div>\t\t\t\r\n\t\t<\/div>\r\n\t<\/div>\r\n<\/article><\/div>\n\t\t\t<\/div>\n\t\t<\/div><!-- .themetechmount-boxes-inner -->   <\/div><!-- .themetechmount-boxes -->  [\/vc_column][\/vc_row]<\/p>\n","protected":false},"excerpt":{"rendered":"<p>[vc_row tm_bgimagefixed=&#8221;&#8221; css=&#8221;.vc_custom_1533794482488{padding-top: 65px !important;padding-bottom: 0px !important;}&#8221;][vc_column][vc_column_text]A continuaci\u00f3n, ver\u00e1 nuestros mejores proyectos industriales. Brindamos un soporte al cliente interminable y tambi\u00e9n garantizamos un nivel muy alto de satisfacci\u00f3n para nuestros clientes. Si tiene alguna pregunta, no dude en enviarnos un correo electr\u00f3nico a ingenieria@talleresunidosltda.com para obtener m\u00e1s detalles.[\/vc_column_text][\/vc_column][\/vc_row][vc_row tm_bgimagefixed=&#8221;&#8221; full_width=&#8221;stretch_row&#8221; css=&#8221;.vc_custom_1533794476978{padding-top: 20px !important;padding-bottom: 60px !important;}&#8221;][vc_column][\/vc_column][\/vc_row]<\/p>\n","protected":false},"author":1,"featured_media":0,"parent":0,"menu_order":20,"comment_status":"closed","ping_status":"closed","template":"","meta":{"footnotes":""},"class_list":["post-1467","page","type-page","status-publish","hentry"],"_links":{"self":[{"href":"https:\/\/talleresunidosltda.com\/index.php\/wp-json\/wp\/v2\/pages\/1467","targetHints":{"allow":["GET"]}}],"collection":[{"href":"https:\/\/talleresunidosltda.com\/index.php\/wp-json\/wp\/v2\/pages"}],"about":[{"href":"https:\/\/talleresunidosltda.com\/index.php\/wp-json\/wp\/v2\/types\/page"}],"author":[{"embeddable":true,"href":"https:\/\/talleresunidosltda.com\/index.php\/wp-json\/wp\/v2\/users\/1"}],"replies":[{"embeddable":true,"href":"https:\/\/talleresunidosltda.com\/index.php\/wp-json\/wp\/v2\/comments?post=1467"}],"version-history":[{"count":5,"href":"https:\/\/talleresunidosltda.com\/index.php\/wp-json\/wp\/v2\/pages\/1467\/revisions"}],"predecessor-version":[{"id":4019,"href":"https:\/\/talleresunidosltda.com\/index.php\/wp-json\/wp\/v2\/pages\/1467\/revisions\/4019"}],"wp:attachment":[{"href":"https:\/\/talleresunidosltda.com\/index.php\/wp-json\/wp\/v2\/media?parent=1467"}],"curies":[{"name":"wp","href":"https:\/\/api.w.org\/{rel}","templated":true}]}}