{"id":2,"date":"2021-02-04T06:12:13","date_gmt":"2021-02-04T11:12:13","guid":{"rendered":"https:\/\/talleresunidosltda.com\/?page_id=2"},"modified":"2021-03-08T17:32:31","modified_gmt":"2021-03-08T22:32:31","slug":"pagina-ejemplo","status":"publish","type":"page","link":"https:\/\/talleresunidosltda.com\/index.php\/pagina-ejemplo\/","title":{"rendered":"Casos de \u00e9xito"},"content":{"rendered":"<p>[vc_row][vc_column][vc_column_text]Espacio creado para evidenciar con registro fotogr\u00e1fico la experiencia en proyectos realizados por Talleres Unidos Ltda., demostrando solides y calidad en sus trabajos realizados.<\/p>\n<p>Si quieres que tu proyecto se lleve a cabo con \u00e9xito y con los m\u00e1s altos est\u00e1ndares de calidad, escr\u00edbenos: <a href=\"mailto:ingenieria@talleresunidosltda.com\">ingenieria@talleresunidosltda.com<\/a>[\/vc_column_text][\/vc_column][\/vc_row][vc_row][vc_column][vc_gallery interval=&#8221;3&#8243; images=&#8221;4092,4093,4094,4095,4096,4097,4098,4099,4100,4101&#8243; img_size=&#8221;full&#8221; title=&#8221;Casos de \u00e9xito&#8221;][\/vc_column][\/vc_row]<\/p>\n","protected":false},"excerpt":{"rendered":"<p>[vc_row][vc_column][vc_column_text]Espacio creado para evidenciar con registro fotogr\u00e1fico la experiencia en proyectos realizados por Talleres Unidos Ltda., demostrando solides y calidad en sus trabajos realizados. Si quieres que tu proyecto se lleve a cabo con \u00e9xito y con los m\u00e1s altos est\u00e1ndares de calidad, escr\u00edbenos: ingenieria@talleresunidosltda.com[\/vc_column_text][\/vc_column][\/vc_row][vc_row][vc_column][vc_gallery interval=&#8221;3&#8243; images=&#8221;4092,4093,4094,4095,4096,4097,4098,4099,4100,4101&#8243; img_size=&#8221;full&#8221; title=&#8221;Casos de \u00e9xito&#8221;][\/vc_column][\/vc_row]<\/p>\n","protected":false},"author":1,"featured_media":0,"parent":0,"menu_order":0,"comment_status":"closed","ping_status":"open","template":"","meta":{"footnotes":""},"class_list":["post-2","page","type-page","status-publish","hentry"],"_links":{"self":[{"href":"https:\/\/talleresunidosltda.com\/index.php\/wp-json\/wp\/v2\/pages\/2","targetHints":{"allow":["GET"]}}],"collection":[{"href":"https:\/\/talleresunidosltda.com\/index.php\/wp-json\/wp\/v2\/pages"}],"about":[{"href":"https:\/\/talleresunidosltda.com\/index.php\/wp-json\/wp\/v2\/types\/page"}],"author":[{"embeddable":true,"href":"https:\/\/talleresunidosltda.com\/index.php\/wp-json\/wp\/v2\/users\/1"}],"replies":[{"embeddable":true,"href":"https:\/\/talleresunidosltda.com\/index.php\/wp-json\/wp\/v2\/comments?post=2"}],"version-history":[{"count":5,"href":"https:\/\/talleresunidosltda.com\/index.php\/wp-json\/wp\/v2\/pages\/2\/revisions"}],"predecessor-version":[{"id":4102,"href":"https:\/\/talleresunidosltda.com\/index.php\/wp-json\/wp\/v2\/pages\/2\/revisions\/4102"}],"wp:attachment":[{"href":"https:\/\/talleresunidosltda.com\/index.php\/wp-json\/wp\/v2\/media?parent=2"}],"curies":[{"name":"wp","href":"https:\/\/api.w.org\/{rel}","templated":true}]}}