{"id":2524,"date":"2018-08-07T07:26:10","date_gmt":"2018-08-07T07:26:10","guid":{"rendered":"https:\/\/tectxon.themetechmount.com\/?page_id=2524"},"modified":"2021-03-05T09:02:53","modified_gmt":"2021-03-05T14:02:53","slug":"intercambiadores","status":"publish","type":"page","link":"https:\/\/talleresunidosltda.com\/index.php\/intercambiadores\/","title":{"rendered":"Intercambiadores de Calor"},"content":{"rendered":"<p>[vc_row tm_bgimagefixed=&#8221;&#8221; css=&#8221;.vc_custom_1524291078491{padding-top: 0px !important;}&#8221;][vc_column]<div class=\"tm-element-heading-wrapper tm-heading-inner tm-element-align-left tm-seperator-none tm-heading-style-vertical  vc_custom_1613631256914\"><section class=\"tm-vc_cta3-container\"><div class=\"tm-vc_general tm-vc_cta3 tm-cta3-only tm-vc_cta3-style-classic tm-vc_cta3-shape-rounded tm-vc_cta3-align-left tm-vc_cta3-color-transparent tm-vc_cta3-icon-size-md tm-vc_cta3-actions-no tm-cta3-without-desc\"><div class=\"tm-vc_cta3_content-container\"><div class=\"tm-vc_cta3-content\"><header class=\"tm-vc_cta3-content-header tm-wrap\"><div class=\"tm-vc_cta3-headers tm-wrap-cell\"><h2 style=\"font-size:30px;line-height:30px;font-family:'Titillium Web',Arial,Helvetica;font-weight:600;\" class=\"tm-custom-heading \" >Intercambiadores de Calor<\/h2>\n<\/div><div class=\"heading-seperator\"><span><\/span><\/div><\/header><\/div><\/div><\/div><\/section><\/div> <!-- .tm-element-heading-wrapper container --> [vc_column_text]Los intercambiadores de calor es uno de los productos de mayor avance tecnol\u00f3gico que provee Talleres Unidos Ltda., de acuerdo con el C\u00f3digo ASME; asociaci\u00f3n que suministra las reglas para su construcci\u00f3n. Podemos proveer unidades fabricadas en diferentes tipos de materiales:<\/p>\n<ul>\n<li>Acero<\/li>\n<li>Acero cladiado<\/li>\n<li>Acero al carb\u00f3n<\/li>\n<li>Acero aleado<\/li>\n<li>Bronce<\/li>\n<\/ul>\n<p>Los tipos de intercambiadores de calor fabricados est\u00e1n; Shell &amp; Tubes: AES &#8211; AEU \u2013 AJS.<\/p>\n<p>Se ofrecen servicios de Mantenimiento (Reentube), de dise\u00f1o y fabricaci\u00f3n teniendo en cuenta las condiciones de operaci\u00f3n y procesos de calidad estipulados en el C\u00f3digo ASME.[\/vc_column_text][vc_single_image image=&#8221;3874&#8243; img_size=&#8221;full&#8221; alignment=&#8221;center&#8221;][\/vc_column][\/vc_row][vc_row][vc_column width=&#8221;2\/3&#8243; css=&#8221;.vc_custom_1517036857159{padding-right: 5px !important;}&#8221;][vc_single_image image=&#8221;3397&#8243; img_size=&#8221;full&#8221; css=&#8221;.vc_custom_1537345322178{margin-bottom: 5px !important;}&#8221;][\/vc_column][vc_column width=&#8221;1\/3&#8243; css=&#8221;.vc_custom_1534494449960{padding-left: 0px !important;}&#8221; el_class=&#8221;padding-left-15px-768&#8243;][vc_single_image image=&#8221;3398&#8243; img_size=&#8221;full&#8221; css=&#8221;.vc_custom_1537345335969{margin-bottom: 5px !important;}&#8221;][vc_single_image image=&#8221;3057&#8243; img_size=&#8221;full&#8221; css=&#8221;.vc_custom_1537345348432{margin-bottom: 5px !important;}&#8221;][\/vc_column][\/vc_row]<\/p>\n","protected":false},"excerpt":{"rendered":"<p>[vc_row tm_bgimagefixed=&#8221;&#8221; css=&#8221;.vc_custom_1524291078491{padding-top: 0px !important;}&#8221;][vc_column][vc_column_text]Los intercambiadores de calor es uno de los productos de mayor avance tecnol\u00f3gico que provee Talleres Unidos Ltda., de acuerdo con el C\u00f3digo ASME; asociaci\u00f3n que suministra las reglas para su construcci\u00f3n. Podemos proveer unidades fabricadas en diferentes tipos de materiales: Acero Acero cladiado Acero al carb\u00f3n Acero aleado Bronce Los &hellip; <a href=\"https:\/\/talleresunidosltda.com\/index.php\/intercambiadores\/\" class=\"more-link\">Continue reading <span class=\"screen-reader-text\">Intercambiadores de Calor<\/span><\/a><\/p>\n","protected":false},"author":1,"featured_media":0,"parent":0,"menu_order":17,"comment_status":"closed","ping_status":"closed","template":"","meta":{"footnotes":""},"class_list":["post-2524","page","type-page","status-publish","hentry"],"_links":{"self":[{"href":"https:\/\/talleresunidosltda.com\/index.php\/wp-json\/wp\/v2\/pages\/2524","targetHints":{"allow":["GET"]}}],"collection":[{"href":"https:\/\/talleresunidosltda.com\/index.php\/wp-json\/wp\/v2\/pages"}],"about":[{"href":"https:\/\/talleresunidosltda.com\/index.php\/wp-json\/wp\/v2\/types\/page"}],"author":[{"embeddable":true,"href":"https:\/\/talleresunidosltda.com\/index.php\/wp-json\/wp\/v2\/users\/1"}],"replies":[{"embeddable":true,"href":"https:\/\/talleresunidosltda.com\/index.php\/wp-json\/wp\/v2\/comments?post=2524"}],"version-history":[{"count":12,"href":"https:\/\/talleresunidosltda.com\/index.php\/wp-json\/wp\/v2\/pages\/2524\/revisions"}],"predecessor-version":[{"id":3996,"href":"https:\/\/talleresunidosltda.com\/index.php\/wp-json\/wp\/v2\/pages\/2524\/revisions\/3996"}],"wp:attachment":[{"href":"https:\/\/talleresunidosltda.com\/index.php\/wp-json\/wp\/v2\/media?parent=2524"}],"curies":[{"name":"wp","href":"https:\/\/api.w.org\/{rel}","templated":true}]}}