{"id":2527,"date":"2018-08-07T07:26:42","date_gmt":"2018-08-07T07:26:42","guid":{"rendered":"https:\/\/tectxon.themetechmount.com\/?page_id=2527"},"modified":"2021-03-08T16:55:00","modified_gmt":"2021-03-08T21:55:00","slug":"diseno-inge","status":"publish","type":"page","link":"https:\/\/talleresunidosltda.com\/index.php\/diseno-inge\/","title":{"rendered":"Dise\u00f1o e Ingenieria"},"content":{"rendered":"<p>[vc_row][vc_column css=&#8221;.vc_custom_1517036857159{padding-right: 5px !important;}&#8221;][\/vc_column][\/vc_row][vc_row tm_bgimagefixed=&#8221;&#8221; css=&#8221;.vc_custom_1524291078491{padding-top: 0px !important;}&#8221;][vc_column]<div class=\"tm-element-heading-wrapper tm-heading-inner tm-element-align-left tm-seperator-none tm-heading-style-vertical  vc_custom_1613630933483\"><section class=\"tm-vc_cta3-container\"><div class=\"tm-vc_general tm-vc_cta3 tm-cta3-only tm-vc_cta3-style-classic tm-vc_cta3-shape-rounded tm-vc_cta3-align-left tm-vc_cta3-color-transparent tm-vc_cta3-icon-size-md tm-vc_cta3-actions-no tm-cta3-without-desc\"><div class=\"tm-vc_cta3_content-container\"><div class=\"tm-vc_cta3-content\"><header class=\"tm-vc_cta3-content-header tm-wrap\"><div class=\"tm-vc_cta3-headers tm-wrap-cell\"><h2 style=\"font-size:30px;line-height:30px;font-family:'Titillium Web',Arial,Helvetica;font-weight:600;\" class=\"tm-custom-heading \" >Dise\u00f1o e Ingenier\u00eda<\/h2>\n<\/div><div class=\"heading-seperator\"><span><\/span><\/div><\/header><\/div><\/div><\/div><\/section><\/div> <!-- .tm-element-heading-wrapper container --> [vc_column_text]El departamento de Dise\u00f1o e Ingenier\u00eda de Talleres Unidos Ltda., cuenta con un excelente equipo de profesionales altamente calificados y con experiencia en el dise\u00f1o, fabricaci\u00f3n, reparaci\u00f3n y montaje de equipos basados en las recomendaciones establecidas dentro de las diferentes normas presentes en cada una de las ramas de la industria en general tales como TEMA, API 660, AWS D1.1, NACE, ASME. Acompa\u00f1ado de las mejores herramientas de dise\u00f1o asistido por computador para brindar soluciones eficaces de ingenier\u00eda.<\/p>\n<p>Adem\u00e1s, se realiza ingenier\u00eda aplicada y simulaci\u00f3n en los procesos de c\u00e1lculo, an\u00e1lisis de fuerzas, an\u00e1lisis t\u00e9rmico, fatiga y tensi\u00f3n, actividades que acompa\u00f1an los diferentes procesos que se desarrollan al interior de la organizaci\u00f3n.[\/vc_column_text][\/vc_column][\/vc_row][vc_row][vc_column][vc_single_image image=&#8221;3985&#8243; img_size=&#8221;full&#8221;][\/vc_column][\/vc_row]<\/p>\n","protected":false},"excerpt":{"rendered":"<p>[vc_row][vc_column css=&#8221;.vc_custom_1517036857159{padding-right: 5px !important;}&#8221;][\/vc_column][\/vc_row][vc_row tm_bgimagefixed=&#8221;&#8221; css=&#8221;.vc_custom_1524291078491{padding-top: 0px !important;}&#8221;][vc_column][vc_column_text]El departamento de Dise\u00f1o e Ingenier\u00eda de Talleres Unidos Ltda., cuenta con un excelente equipo de profesionales altamente calificados y con experiencia en el dise\u00f1o, fabricaci\u00f3n, reparaci\u00f3n y montaje de equipos basados en las recomendaciones establecidas dentro de las diferentes normas presentes en cada una de las ramas &hellip; <a href=\"https:\/\/talleresunidosltda.com\/index.php\/diseno-inge\/\" class=\"more-link\">Continue reading <span class=\"screen-reader-text\">Dise\u00f1o e Ingenieria<\/span><\/a><\/p>\n","protected":false},"author":1,"featured_media":0,"parent":0,"menu_order":15,"comment_status":"closed","ping_status":"closed","template":"","meta":{"footnotes":""},"class_list":["post-2527","page","type-page","status-publish","hentry"],"_links":{"self":[{"href":"https:\/\/talleresunidosltda.com\/index.php\/wp-json\/wp\/v2\/pages\/2527","targetHints":{"allow":["GET"]}}],"collection":[{"href":"https:\/\/talleresunidosltda.com\/index.php\/wp-json\/wp\/v2\/pages"}],"about":[{"href":"https:\/\/talleresunidosltda.com\/index.php\/wp-json\/wp\/v2\/types\/page"}],"author":[{"embeddable":true,"href":"https:\/\/talleresunidosltda.com\/index.php\/wp-json\/wp\/v2\/users\/1"}],"replies":[{"embeddable":true,"href":"https:\/\/talleresunidosltda.com\/index.php\/wp-json\/wp\/v2\/comments?post=2527"}],"version-history":[{"count":10,"href":"https:\/\/talleresunidosltda.com\/index.php\/wp-json\/wp\/v2\/pages\/2527\/revisions"}],"predecessor-version":[{"id":4086,"href":"https:\/\/talleresunidosltda.com\/index.php\/wp-json\/wp\/v2\/pages\/2527\/revisions\/4086"}],"wp:attachment":[{"href":"https:\/\/talleresunidosltda.com\/index.php\/wp-json\/wp\/v2\/media?parent=2527"}],"curies":[{"name":"wp","href":"https:\/\/api.w.org\/{rel}","templated":true}]}}