{"id":3105,"date":"2018-09-14T06:33:46","date_gmt":"2018-09-14T06:33:46","guid":{"rendered":"https:\/\/tectxon.themetechmount.com\/?page_id=3105"},"modified":"2021-03-05T08:50:41","modified_gmt":"2021-03-05T13:50:41","slug":"acercade","status":"publish","type":"page","link":"https:\/\/talleresunidosltda.com\/index.php\/acercade\/","title":{"rendered":"Acerca de"},"content":{"rendered":"<p>[vc_row tm_bgcolor=&#8221;grey&#8221; tm_bgimagefixed=&#8221;&#8221; full_width=&#8221;stretch_row&#8221; css=&#8221;.vc_custom_1536922640343{padding-bottom: 100px !important;}&#8221; tm_responsive_css=&#8221;76751761|colbreak_no|||||||||colbreak_no|||||0px||0px||colbreak_no||||||||||colbreak_no|||||||||&#8221;][vc_column][\/vc_column][\/vc_row][vc_row tm_bgcolor=&#8221;white&#8221; tm_bgimagefixed=&#8221;&#8221; break_in_responsive=&#8221;991&#8243; tm_shadow=&#8221;yes&#8221; css=&#8221;.vc_custom_1536906762055{margin-top: -110px !important;margin-bottom: 94px !important;padding-top: 0px !important;padding-bottom: 10px !important;}&#8221; tm_responsive_css=&#8221;92183170|colbreak_no|||||||||colbreak_no|0px||65px||||||colbreak_no|||0px|||||||colbreak_no|||||||||&#8221;][vc_column css=&#8221;.vc_custom_1537173403783{padding-top: 66px !important;padding-right: 35px !important;padding-bottom: 35px !important;padding-left: 35px !important;}&#8221; tm_responsive_css=&#8221;28822975|colbreak_no|||||||||colbreak_no||||||||15px|colbreak_no||||||||||colbreak_no|||||||||&#8221;][vc_single_image image=&#8221;3807&#8243; img_size=&#8221;full&#8221;]<div class=\"tm-element-heading-wrapper tm-heading-inner tm-element-align-left tm-seperator-solid tm-heading-style-vertical \"><section class=\"tm-vc_cta3-container\"><div class=\"tm-vc_general tm-vc_cta3 tm-cta3-only tm-vc_cta3-style-classic tm-vc_cta3-shape-rounded tm-vc_cta3-align-left tm-vc_cta3-color-transparent tm-vc_cta3-icon-size-md tm-vc_cta3-actions-no tm-cta3-with-desc\"><div class=\"tm-vc_cta3_content-container\"><div class=\"tm-vc_cta3-content\"><header class=\"tm-vc_cta3-content-header tm-wrap\"><div class=\"tm-vc_cta3-headers tm-wrap-cell\"><h4 class=\"tm-custom-heading \" >TALLERES UNIDOS<\/h4>\n<h2 class=\"tm-custom-heading \" >Nuestra<strong>Empresa<\/strong><\/h2>\n<\/div><div class=\"heading-seperator\"><span><\/span><\/div><\/header><div class=\"tm-cta3-content-wrapper\"><p>Nuestra empresa, TALLERES UNIDOS LTDA, est\u00e1 ubicada en la ciudad de Barrancabermeja, departamento de Santander, en la avenida 33 # 59-16 zona industrial, en un \u00e1rea total de 2000 m2, distribuida de la siguiente forma: 1000 m2 destinados para el \u00e1rea de fabricaci\u00f3n, 200 m2 para la secci\u00f3n administrativa y 800 m2 para almacenamiento de materiales. Adicionalmente se tiene una sede de ensamble de estructuras con un \u00e1rea disponible de 1500 m2.<\/p>\n<p>TALLERES UNIDOS LTDA, est\u00e1 constituido en Barrancabermeja desde el 3 de Julio de 1956, cuyo objetivo principal era la fabricaci\u00f3n de piezas metalmec\u00e1nicas y procesos de rectificaci\u00f3n de motores, dentro de este dinamismo mostrado por nuestra organizaci\u00f3n, r\u00e1pidamente nos convertimos en proveedores directos de partes y repuestos para la industria petroqu\u00edmica, textil, agr\u00edcola, fluvial e industrial del Distrito Especial de Barrancabermeja y la regi\u00f3n del Magdalena Medio. En los \u00faltimos a\u00f1os TALLERES UNIDOS LTDA por medio de la adopci\u00f3n del estampe U del C\u00f3digo ASME Secci\u00f3n VIII Divisi\u00f3n 1 y el estampe R del Cuerpo Nacional de Inspectores (National Board Code), ha orientado su actividad a la \u201cFABRICACI\u00d3N Y RECONSTRUCCI\u00d3N DE ELEMENTOS METALMEC\u00c1NICOS PARA EQUIPOS INDUSTRIALES, INTERCAMBIADORES DE CALOR, VASIJAS A PRESI\u00d3N Y RECTIFICACI\u00d3N DE PARTES PARA MOTORES DE COMBUSTI\u00d3N\u201d.<\/p><\/div><\/div><\/div><\/div><\/section><\/div> <!-- .tm-element-heading-wrapper container --> [vc_row_inner el_class=&#8221;ttm-sbox-iconpadding-0px&#8221; css=&#8221;.vc_custom_1537173742508{margin-left: 0px !important;padding-bottom: 30px !important;}&#8221;][vc_column_inner width=&#8221;1\/2&#8243; css=&#8221;.vc_custom_1537420600570{padding-left: 0px !important;}&#8221; tm_responsive_css=&#8221;23565581|colbreak_no|||||||||colbreak_no|||||||||colbreak_no||||||||0px||colbreak_no|||||||||&#8221;]<div class=\"tm-sbox tm-sbox-iconalign-left-spacing none tm-sbox-bgcolor-transparent tm-bgcolor-transparent tm-sbox-textcolor- tm-textcolor- tm-sbox-isize-sm tm-sbox-isize-sm tm-sbox-istyle-none vc_custom_1614637951432 tm-sbox-heading-only\"><section class=\"tm-vc_cta3-container\"><div class=\"tm-vc_general tm-vc_cta3 tm-vc_cta3-align-left tm-vc_cta3-icon-size-sm tm-vc_cta3-icons-left tm-vc_cta3-actions-no\"><div class=\"tm-vc_cta3-icons tm-wrap-cell\"><div class=\"tm-vc_icon_element tm-vc_icon_element-outer tm-vc_icon_element-align-left \"><div class=\"tm-vc_icon_element-inner  tm-vc_icon_element-color-skincolor tm-vc_icon_element-size-sm tm-vc_icon_element-style-none tm-vc_icon_element-background-color-grey\" ><span class=\"tm-vc_icon_element-icon kw_tectxon flaticon-worker\" ><\/span><\/div><\/div><\/div><div class=\"tm-vc_cta3_content-container\"><div class=\"tm-vc_cta3-content\"><div class=\"tm-vc_cta3-content-header tm-wrap\"><div class=\"tm-vc_cta3-headers tm-wrap-cell\"><h2 style=\"font-size:18px;line-height:33px;font-family:'Titillium Web',Arial,Helvetica;font-weight:600;\" class=\"tm-custom-heading \" >Ingenieros certificados<\/h2>\n<\/div><\/div><\/div><div class=\"tm-cta3-desc-btn-wrapper\"><div class=\"tm-cta3-description\"><div class=\"tm-cta3-content-wrapper\"><p>Ing. Merly Llanes Salas e Ing. Christian A. Robles Lopez, Certificados en L\u00edquidos penetrantes NIVEL II., de acuerdo con la pr\u00e1ctica recomendada SNT TC 1A Ed 2016 de la ASNT.<\/p><\/div><\/div><\/div><\/div><\/div><\/section><\/div>[\/vc_column_inner][vc_column_inner width=&#8221;1\/2&#8243; css=&#8221;.vc_custom_1537420613321{margin-left: -25px !important;}&#8221; tm_responsive_css=&#8221;48355739|colbreak_no||||0px|||||colbreak_no|||||||||colbreak_no||||||||0px||colbreak_no|||||||||&#8221;][\/vc_column_inner][\/vc_row_inner][vc_row_inner css=&#8221;.vc_custom_1536905549410{margin-right: -150px !important;}&#8221; tm_responsive_css=&#8221;63863606|colbreak_no|||||||||colbreak_no|||||||||colbreak_no|||||||||1460|colbreak_no||0px|||||||&#8221;][vc_column_inner][\/vc_column_inner][\/vc_row_inner][\/vc_column][\/vc_row][vc_row tm_bgcolor=&#8221;white&#8221; tm_bgimagefixed=&#8221;&#8221; break_in_responsive=&#8221;991&#8243; full_width=&#8221;stretch_row&#8221; equal_height=&#8221;yes&#8221; css=&#8221;.vc_custom_1536900496702{margin-top: 164px !important;padding-top: 0px !important;padding-bottom: 0px !important;}&#8221; tm_responsive_css=&#8221;31766833|colbreak_no|||||||||colbreak_no|0px||||||||colbreak_no||||||||||colbreak_no|||||||||&#8221;][vc_column tm_col_bg_expand=&#8221;left&#8221; tm_bgimage_position=&#8221;left_center&#8221; tm_zindex=&#8221;2&#8243; width=&#8221;5\/12&#8243; css=&#8221;.vc_custom_1614382800468{background-image: url(https:\/\/talleresunidosltda.com\/wp-content\/uploads\/2021\/02\/Imagen-050.jpg?id=3845) !important;background-position: center !important;background-repeat: no-repeat !important;background-size: contain !important;}&#8221;][\/vc_column][vc_column tm_bgcolor=&#8221;darkgrey&#8221; tm_col_bg_expand=&#8221;right&#8221; tm_zindex=&#8221;2&#8243; width=&#8221;7\/12&#8243; css=&#8221;.vc_custom_1537006642491{margin-top: -68px !important;margin-left: -100px !important;padding-top: 61px !important;padding-right: 70px !important;padding-bottom: 100px !important;padding-left: 90px !important;}&#8221; tm_responsive_css=&#8221;58794642|colbreak_no|||||||||colbreak_no||||0px|35px|15px|35px|15px|colbreak_no||||||||||colbreak_no|||||||||&#8221;]<div class=\"tm-element-heading-wrapper tm-heading-inner tm-element-align-left tm-seperator-solid tm-heading-style-vertical \"><section class=\"tm-vc_cta3-container\"><div class=\"tm-vc_general tm-vc_cta3 tm-cta3-only tm-vc_cta3-style-classic tm-vc_cta3-shape-rounded tm-vc_cta3-align-left tm-vc_cta3-color-transparent tm-vc_cta3-icon-size-md tm-vc_cta3-actions-no tm-cta3-with-desc\"><div class=\"tm-vc_cta3_content-container\"><div class=\"tm-vc_cta3-content\"><header class=\"tm-vc_cta3-content-header tm-wrap\"><div class=\"tm-vc_cta3-headers tm-wrap-cell\"><h4 class=\"tm-custom-heading \" >que hacemos<\/h4>\n<h2 class=\"tm-custom-heading \" >Nuestra empresa<strong>Los mejores en el negocio!<\/strong><\/h2>\n<\/div><div class=\"heading-seperator\"><span><\/span><\/div><\/header><div class=\"tm-cta3-content-wrapper\">\n<p style=\"text-align: justify;\">Con mas de 60 a\u00f1os, es la compa\u00f1\u00eda l\u00edder en Barrancabermeja y en la regi\u00f3n en los procesos tendientes a obtener excelencia en los servicios que ofrece, satisfaciendo al cliente, mediante personal calificado, tecnolog\u00eda de avanzada, certificaci\u00f3n ASME y la implementaci\u00f3n de sistemas de aseguramiento de la calidad, con el objetivo de fortalecer su presencia en los actuales mercados y fortalecer algunos nuevos.<\/p>\n<p><\/div><\/div><\/div><\/div><\/section><\/div> <!-- .tm-element-heading-wrapper container --> [vc_row_inner el_class=&#8221;tm-column-inline&#8221;][vc_column_inner width=&#8221;1\/4&#8243; css=&#8221;.vc_custom_1536906271370{padding-right: 0px !important;padding-left: 0px !important;}&#8221; tm_responsive_css=&#8221;87974215|colbreak_no|||||||||colbreak_no||||||15px||15px|colbreak_no||||||||15px||colbreak_no|||||||||&#8221;]<div class=\"tm-vc_icon_element tm-vc_icon_element-outer tm-vc_icon_element-align-left  vc_custom_1536898856080\"><div class=\"tm-vc_icon_element-inner  tm-vc_icon_element-color-white tm-vc_icon_element-size-sm tm-vc_icon_element-style- tm-vc_icon_element-background-color-grey\" ><span class=\"tm-vc_icon_element-icon themifyicon ti-world\" ><\/span><\/div><\/div>[\/vc_column_inner][vc_column_inner width=&#8221;3\/4&#8243; css=&#8221;.vc_custom_1536906458682{padding-left: 0px !important;}&#8221; tm_responsive_css=&#8221;82396160|colbreak_no|||||||||colbreak_no|||||||||colbreak_no||||||||15px||colbreak_no|||||||||&#8221;]<h2 style=\"text-align:left;font-size:23px;line-height:28px;color:#ff5e14;\" class=\"tm-custom-heading vc_custom_1613605617118\" >MISION<\/h2>\n[\/vc_column_inner][\/vc_row_inner][vc_row_inner css=&#8221;.vc_custom_1536899770550{padding-right: 85px !important;}&#8221; tm_responsive_css=&#8221;73394271|colbreak_no||||||0px|||colbreak_no|||||||||colbreak_no||||||||||colbreak_no|||||||||&#8221;][vc_column_inner][vc_column_text]<\/p>\n<p style=\"text-align: justify;\">TALLERES UNIDOS LTDA es una compa\u00f1\u00eda metalmec\u00e1nica que ofrece soluciones integrales en la fabricaci\u00f3n y mantenimiento de intercambiadores de calor, vasijas a presi\u00f3n, elementos industriales y rectificaci\u00f3n de partes para automotores en general, con el cumplimiento de est\u00e1ndares de clase mundial, desarrollando negocios \u00e9ticos y productivos que propician el mejoramiento socioecon\u00f3mico y ambiental de nuestros grupos de inter\u00e9s.<\/p>\n<p>[\/vc_column_text][\/vc_column_inner][\/vc_row_inner][vc_row_inner el_class=&#8221;tm-column-inline&#8221;][vc_column_inner width=&#8221;1\/4&#8243; css=&#8221;.vc_custom_1536906280482{padding-right: 0px !important;padding-left: 0px !important;}&#8221; tm_responsive_css=&#8221;87974215|colbreak_no|||||||||colbreak_no||||||15px||15px|colbreak_no||||||||15px||colbreak_no|||||||||&#8221;]<div class=\"tm-vc_icon_element tm-vc_icon_element-outer tm-vc_icon_element-align-left  vc_custom_1536899429612\"><div class=\"tm-vc_icon_element-inner  tm-vc_icon_element-color-white tm-vc_icon_element-size-sm tm-vc_icon_element-style- tm-vc_icon_element-background-color-grey\" ><span class=\"tm-vc_icon_element-icon themifyicon ti-eye\" ><\/span><\/div><\/div>[\/vc_column_inner][vc_column_inner width=&#8221;3\/4&#8243; css=&#8221;.vc_custom_1536906450162{padding-left: 0px !important;}&#8221; tm_responsive_css=&#8221;35001208|colbreak_no|||||||||colbreak_no|||||||||colbreak_no||||||||15px||colbreak_no|||||||||&#8221;]<h2 style=\"text-align:left;font-size:23px;line-height:28px;color:#ff5e14;\" class=\"tm-custom-heading vc_custom_1613605010454\" >VISION<\/h2>\n[\/vc_column_inner][\/vc_row_inner][vc_row_inner css=&#8221;.vc_custom_1536899770550{padding-right: 85px !important;}&#8221; tm_responsive_css=&#8221;73394271|colbreak_no||||||0px|||colbreak_no|||||||||colbreak_no||||||||||colbreak_no|||||||||&#8221;][vc_column_inner][vc_column_text]<\/p>\n<p style=\"text-align: justify;\">TALLERES UNIDOS LTDA en el a\u00f1o 2022 ser\u00e1 una compa\u00f1\u00eda con presencia internacional y l\u00edder del mercado nacional en la fabricaci\u00f3n y mantenimiento de intercambiadores de calor, vasijas a presi\u00f3n y partes industriales.<\/p>\n<p>[\/vc_column_text][\/vc_column_inner][\/vc_row_inner][\/vc_column][\/vc_row]<\/p>\n","protected":false},"excerpt":{"rendered":"<p>[vc_row tm_bgcolor=&#8221;grey&#8221; tm_bgimagefixed=&#8221;&#8221; full_width=&#8221;stretch_row&#8221; css=&#8221;.vc_custom_1536922640343{padding-bottom: 100px !important;}&#8221; tm_responsive_css=&#8221;76751761|colbreak_no|||||||||colbreak_no|||||0px||0px||colbreak_no||||||||||colbreak_no|||||||||&#8221;][vc_column][\/vc_column][\/vc_row][vc_row tm_bgcolor=&#8221;white&#8221; tm_bgimagefixed=&#8221;&#8221; break_in_responsive=&#8221;991&#8243; tm_shadow=&#8221;yes&#8221; css=&#8221;.vc_custom_1536906762055{margin-top: -110px !important;margin-bottom: 94px !important;padding-top: 0px !important;padding-bottom: 10px !important;}&#8221; tm_responsive_css=&#8221;92183170|colbreak_no|||||||||colbreak_no|0px||65px||||||colbreak_no|||0px|||||||colbreak_no|||||||||&#8221;][vc_column css=&#8221;.vc_custom_1537173403783{padding-top: 66px !important;padding-right: 35px !important;padding-bottom: 35px !important;padding-left: 35px !important;}&#8221; tm_responsive_css=&#8221;28822975|colbreak_no|||||||||colbreak_no||||||||15px|colbreak_no||||||||||colbreak_no|||||||||&#8221;][vc_single_image image=&#8221;3807&#8243; img_size=&#8221;full&#8221;][vc_row_inner el_class=&#8221;ttm-sbox-iconpadding-0px&#8221; css=&#8221;.vc_custom_1537173742508{margin-left: 0px !important;padding-bottom: 30px !important;}&#8221;][vc_column_inner width=&#8221;1\/2&#8243; css=&#8221;.vc_custom_1537420600570{padding-left: 0px !important;}&#8221; tm_responsive_css=&#8221;23565581|colbreak_no|||||||||colbreak_no|||||||||colbreak_no||||||||0px||colbreak_no|||||||||&#8221;][\/vc_column_inner][vc_column_inner width=&#8221;1\/2&#8243; css=&#8221;.vc_custom_1537420613321{margin-left: -25px !important;}&#8221; tm_responsive_css=&#8221;48355739|colbreak_no||||0px|||||colbreak_no|||||||||colbreak_no||||||||0px||colbreak_no|||||||||&#8221;][\/vc_column_inner][\/vc_row_inner][vc_row_inner css=&#8221;.vc_custom_1536905549410{margin-right: -150px !important;}&#8221; tm_responsive_css=&#8221;63863606|colbreak_no|||||||||colbreak_no|||||||||colbreak_no|||||||||1460|colbreak_no||0px|||||||&#8221;][vc_column_inner][\/vc_column_inner][\/vc_row_inner][\/vc_column][\/vc_row][vc_row tm_bgcolor=&#8221;white&#8221; &hellip; <a href=\"https:\/\/talleresunidosltda.com\/index.php\/acercade\/\" class=\"more-link\">Continue reading <span class=\"screen-reader-text\">Acerca de<\/span><\/a><\/p>\n","protected":false},"author":1,"featured_media":0,"parent":0,"menu_order":6,"comment_status":"closed","ping_status":"closed","template":"","meta":{"footnotes":""},"class_list":["post-3105","page","type-page","status-publish","hentry"],"_links":{"self":[{"href":"https:\/\/talleresunidosltda.com\/index.php\/wp-json\/wp\/v2\/pages\/3105","targetHints":{"allow":["GET"]}}],"collection":[{"href":"https:\/\/talleresunidosltda.com\/index.php\/wp-json\/wp\/v2\/pages"}],"about":[{"href":"https:\/\/talleresunidosltda.com\/index.php\/wp-json\/wp\/v2\/types\/page"}],"author":[{"embeddable":true,"href":"https:\/\/talleresunidosltda.com\/index.php\/wp-json\/wp\/v2\/users\/1"}],"replies":[{"embeddable":true,"href":"https:\/\/talleresunidosltda.com\/index.php\/wp-json\/wp\/v2\/comments?post=3105"}],"version-history":[{"count":26,"href":"https:\/\/talleresunidosltda.com\/index.php\/wp-json\/wp\/v2\/pages\/3105\/revisions"}],"predecessor-version":[{"id":3990,"href":"https:\/\/talleresunidosltda.com\/index.php\/wp-json\/wp\/v2\/pages\/3105\/revisions\/3990"}],"wp:attachment":[{"href":"https:\/\/talleresunidosltda.com\/index.php\/wp-json\/wp\/v2\/media?parent=3105"}],"curies":[{"name":"wp","href":"https:\/\/api.w.org\/{rel}","templated":true}]}}