{"id":3715,"date":"2021-02-18T12:18:28","date_gmt":"2021-02-18T17:18:28","guid":{"rendered":"https:\/\/talleresunidosltda.com\/?page_id=3715"},"modified":"2021-03-08T16:46:46","modified_gmt":"2021-03-08T21:46:46","slug":"rectificado","status":"publish","type":"page","link":"https:\/\/talleresunidosltda.com\/index.php\/rectificado\/","title":{"rendered":"Rectificado"},"content":{"rendered":"<p>[vc_row tm_bgimagefixed=&#8221;&#8221; css=&#8221;.vc_custom_1524291078491{padding-top: 0px !important;}&#8221;][vc_column]<div class=\"tm-element-heading-wrapper tm-heading-inner tm-element-align-center tm-seperator-none tm-heading-style-vertical  vc_custom_1614953481816\"><section class=\"tm-vc_cta3-container\"><div class=\"tm-vc_general tm-vc_cta3 tm-cta3-only tm-vc_cta3-style-classic tm-vc_cta3-shape-rounded tm-vc_cta3-align-center tm-vc_cta3-color-transparent tm-vc_cta3-icon-size-md tm-vc_cta3-actions-no tm-cta3-without-desc\"><div class=\"tm-vc_cta3_content-container\"><div class=\"tm-vc_cta3-content\"><header class=\"tm-vc_cta3-content-header tm-wrap\"><div class=\"tm-vc_cta3-headers tm-wrap-cell\"><h2 style=\"font-size:30px;line-height:30px;font-family:'Titillium Web',Arial,Helvetica;font-weight:600;\" class=\"tm-custom-heading \" >Rectificado<\/h2>\n<\/div><div class=\"heading-seperator\"><span><\/span><\/div><\/header><\/div><\/div><\/div><\/section><\/div> <!-- .tm-element-heading-wrapper container --> [vc_single_image image=&#8221;3881&#8243; img_size=&#8221;900*450&#8243; alignment=&#8221;center&#8221;][vc_column_text]<\/p>\n<p style=\"text-align: justify;\">En la industria automotriz de motores a gasolina y Diesel, Talleres Unidos Ltda. cuanta con una alta experiencia y calidad en los servicios de: Encamisado de bloques, Rectificaci\u00f3n de cig\u00fce\u00f1ales, Rectificaci\u00f3n de bielas, Circulada de bancada, Cambio de pistones, Cambio de asientos a culatas, Cambio y rimada de gu\u00edas, bujes de biela y levas.<\/p>\n<p style=\"text-align: left;\">Adem\u00e1s de estos servicios, contamos con un almac\u00e9n de repuestos automotriz para proveer al cliente un continuo mejoramiento en la cadena del servicio.<\/p>\n<p>[\/vc_column_text][\/vc_column][\/vc_row][vc_row tm_bgimagefixed=&#8221;&#8221; css=&#8221;.vc_custom_1524291078491{padding-top: 0px !important;}&#8221;][vc_column][vc_column_text]Se han realizado proyectos de mecanizado muy importantes, como lo son la R<strong>ectificaci\u00f3n de 12 Culatas Waukesha<\/strong>, con las siguientes operaciones: desarme, limpieza y marcado de culatas, prueba hidrost\u00e1tica, cambio de gu\u00edas, cambio de asientos, sentar v\u00e1lvulas y realizaci\u00f3n de pruebas de asentamiento, sandblasting y proceso de Pintura, finalmente armado y embalaje para entrega al cliente.[\/vc_column_text][\/vc_column][\/vc_row][vc_row][vc_column][vc_gallery interval=&#8221;3&#8243; images=&#8221;4084,4083&#8243; img_size=&#8221;full&#8221;][\/vc_column][\/vc_row]<\/p>\n","protected":false},"excerpt":{"rendered":"<p>[vc_row tm_bgimagefixed=&#8221;&#8221; css=&#8221;.vc_custom_1524291078491{padding-top: 0px !important;}&#8221;][vc_column][vc_single_image image=&#8221;3881&#8243; img_size=&#8221;900*450&#8243; alignment=&#8221;center&#8221;][vc_column_text] En la industria automotriz de motores a gasolina y Diesel, Talleres Unidos Ltda. cuanta con una alta experiencia y calidad en los servicios de: Encamisado de bloques, Rectificaci\u00f3n de cig\u00fce\u00f1ales, Rectificaci\u00f3n de bielas, Circulada de bancada, Cambio de pistones, Cambio de asientos a culatas, Cambio y rimada &hellip; <a href=\"https:\/\/talleresunidosltda.com\/index.php\/rectificado\/\" class=\"more-link\">Continue reading <span class=\"screen-reader-text\">Rectificado<\/span><\/a><\/p>\n","protected":false},"author":1,"featured_media":0,"parent":0,"menu_order":15,"comment_status":"closed","ping_status":"closed","template":"","meta":{"footnotes":""},"class_list":["post-3715","page","type-page","status-publish","hentry"],"_links":{"self":[{"href":"https:\/\/talleresunidosltda.com\/index.php\/wp-json\/wp\/v2\/pages\/3715","targetHints":{"allow":["GET"]}}],"collection":[{"href":"https:\/\/talleresunidosltda.com\/index.php\/wp-json\/wp\/v2\/pages"}],"about":[{"href":"https:\/\/talleresunidosltda.com\/index.php\/wp-json\/wp\/v2\/types\/page"}],"author":[{"embeddable":true,"href":"https:\/\/talleresunidosltda.com\/index.php\/wp-json\/wp\/v2\/users\/1"}],"replies":[{"embeddable":true,"href":"https:\/\/talleresunidosltda.com\/index.php\/wp-json\/wp\/v2\/comments?post=3715"}],"version-history":[{"count":13,"href":"https:\/\/talleresunidosltda.com\/index.php\/wp-json\/wp\/v2\/pages\/3715\/revisions"}],"predecessor-version":[{"id":4085,"href":"https:\/\/talleresunidosltda.com\/index.php\/wp-json\/wp\/v2\/pages\/3715\/revisions\/4085"}],"wp:attachment":[{"href":"https:\/\/talleresunidosltda.com\/index.php\/wp-json\/wp\/v2\/media?parent=3715"}],"curies":[{"name":"wp","href":"https:\/\/api.w.org\/{rel}","templated":true}]}}