{"id":3732,"date":"2021-02-19T10:14:27","date_gmt":"2021-02-19T15:14:27","guid":{"rendered":"https:\/\/talleresunidosltda.com\/?page_id=3732"},"modified":"2021-02-26T18:25:59","modified_gmt":"2021-02-26T23:25:59","slug":"gestion","status":"publish","type":"page","link":"https:\/\/talleresunidosltda.com\/index.php\/gestion\/","title":{"rendered":"Certicados"},"content":{"rendered":"<p>[vc_row tm_bgcolor=&#8221;white&#8221; tm_bgimagefixed=&#8221;&#8221; break_in_responsive=&#8221;991&#8243; full_width=&#8221;stretch_row&#8221; equal_height=&#8221;yes&#8221; css=&#8221;.vc_custom_1536845059656{padding-bottom: 73px !important;}&#8221;][vc_column width=&#8221;5\/12&#8243; css=&#8221;.vc_custom_1533724755150{background-position: center !important;background-repeat: no-repeat !important;background-size: contain !important;}&#8221;][vc_single_image image=&#8221;3735&#8243; img_size=&#8221;500&#215;500&#8243;][\/vc_column][vc_column width=&#8221;7\/12&#8243; css=&#8221;.vc_custom_1537007837492{margin-left: 15px !important;padding-right: 100px !important;}&#8221; el_class=&#8221;tm-services&#8221; tm_responsive_css=&#8221;79849959|colbreak_no|||||||||colbreak_no|||||||||colbreak_no||||||20px||||colbreak_no|||||||||&#8221;]<div class=\"tm-element-heading-wrapper tm-heading-inner tm-element-align-left tm-seperator-none tm-heading-style-vertical  vc_custom_1613864424935\"><section class=\"tm-vc_cta3-container\"><div class=\"tm-vc_general tm-vc_cta3 tm-cta3-only tm-vc_cta3-style-classic tm-vc_cta3-shape-rounded tm-vc_cta3-align-left tm-vc_cta3-color-transparent tm-vc_cta3-icon-size-md tm-vc_cta3-actions-no tm-cta3-without-desc\"><div class=\"tm-vc_cta3_content-container\"><div class=\"tm-vc_cta3-content\"><header class=\"tm-vc_cta3-content-header tm-wrap\"><div class=\"tm-vc_cta3-headers tm-wrap-cell\"><h2 style=\"font-size:36px;line-height:40px;\" class=\"tm-custom-heading \" >Calidad<strong>Certificada!<\/strong><\/h2>\n<\/div><div class=\"heading-seperator\"><span><\/span><\/div><\/header><\/div><\/div><\/div><\/section><\/div> <!-- .tm-element-heading-wrapper container --> [vc_column_text]<strong>TALLERES UNIDOS LTDA<\/strong> cuenta con los certificados oficiales por la\u00a0Sociedad Estadounidense de Ingenieros Mec\u00e1nicos (ASME)\u00a0y el\u00a0C\u00f3digo de Inspecci\u00f3n de la Junta Nacional (NBIC)\u00a0con las certificaciones R Stamp y U Stamp.<\/p>\n<p>Estas certificaciones declaran que TALLERES UNIDOS LTDA tiene la capacidad de cumplir con las normas ASME y NBIC para la fabricaci\u00f3n, reparaci\u00f3n y alteraci\u00f3n de calderas, intercambiadores de calor, recipientes a presi\u00f3n y otros elementos de retenci\u00f3n de presi\u00f3n con <strong>MAS DE 15 A\u00d1OS CON CERTIFICACION ASME.<\/strong>[\/vc_column_text][\/vc_column][\/vc_row]<\/p>\n","protected":false},"excerpt":{"rendered":"<p>[vc_row tm_bgcolor=&#8221;white&#8221; tm_bgimagefixed=&#8221;&#8221; break_in_responsive=&#8221;991&#8243; full_width=&#8221;stretch_row&#8221; equal_height=&#8221;yes&#8221; css=&#8221;.vc_custom_1536845059656{padding-bottom: 73px !important;}&#8221;][vc_column width=&#8221;5\/12&#8243; css=&#8221;.vc_custom_1533724755150{background-position: center !important;background-repeat: no-repeat !important;background-size: contain !important;}&#8221;][vc_single_image image=&#8221;3735&#8243; img_size=&#8221;500&#215;500&#8243;][\/vc_column][vc_column width=&#8221;7\/12&#8243; css=&#8221;.vc_custom_1537007837492{margin-left: 15px !important;padding-right: 100px !important;}&#8221; el_class=&#8221;tm-services&#8221; tm_responsive_css=&#8221;79849959|colbreak_no|||||||||colbreak_no|||||||||colbreak_no||||||20px||||colbreak_no|||||||||&#8221;][vc_column_text]TALLERES UNIDOS LTDA cuenta con los certificados oficiales por la\u00a0Sociedad Estadounidense de Ingenieros Mec\u00e1nicos (ASME)\u00a0y el\u00a0C\u00f3digo de Inspecci\u00f3n de la Junta Nacional (NBIC)\u00a0con las certificaciones R Stamp y U &hellip; <a href=\"https:\/\/talleresunidosltda.com\/index.php\/gestion\/\" class=\"more-link\">Continue reading <span class=\"screen-reader-text\">Certicados<\/span><\/a><\/p>\n","protected":false},"author":1,"featured_media":0,"parent":0,"menu_order":9,"comment_status":"closed","ping_status":"closed","template":"","meta":{"footnotes":""},"class_list":["post-3732","page","type-page","status-publish","hentry"],"_links":{"self":[{"href":"https:\/\/talleresunidosltda.com\/index.php\/wp-json\/wp\/v2\/pages\/3732","targetHints":{"allow":["GET"]}}],"collection":[{"href":"https:\/\/talleresunidosltda.com\/index.php\/wp-json\/wp\/v2\/pages"}],"about":[{"href":"https:\/\/talleresunidosltda.com\/index.php\/wp-json\/wp\/v2\/types\/page"}],"author":[{"embeddable":true,"href":"https:\/\/talleresunidosltda.com\/index.php\/wp-json\/wp\/v2\/users\/1"}],"replies":[{"embeddable":true,"href":"https:\/\/talleresunidosltda.com\/index.php\/wp-json\/wp\/v2\/comments?post=3732"}],"version-history":[{"count":8,"href":"https:\/\/talleresunidosltda.com\/index.php\/wp-json\/wp\/v2\/pages\/3732\/revisions"}],"predecessor-version":[{"id":3835,"href":"https:\/\/talleresunidosltda.com\/index.php\/wp-json\/wp\/v2\/pages\/3732\/revisions\/3835"}],"wp:attachment":[{"href":"https:\/\/talleresunidosltda.com\/index.php\/wp-json\/wp\/v2\/media?parent=3732"}],"curies":[{"name":"wp","href":"https:\/\/api.w.org\/{rel}","templated":true}]}}