{"id":3939,"date":"2021-03-01T11:03:36","date_gmt":"2021-03-01T16:03:36","guid":{"rendered":"https:\/\/talleresunidosltda.com\/?page_id=3939"},"modified":"2021-03-05T09:09:46","modified_gmt":"2021-03-05T14:09:46","slug":"mecanizado-situ","status":"publish","type":"page","link":"https:\/\/talleresunidosltda.com\/index.php\/mecanizado-situ\/","title":{"rendered":"Mecanizado en situ"},"content":{"rendered":"<p>[vc_row tm_bgimagefixed=&#8221;&#8221; css=&#8221;.vc_custom_1534501661996{padding-top: 30px !important;}&#8221;][vc_column]<div class=\"tm-element-heading-wrapper tm-heading-inner tm-element-align-left tm-seperator-none tm-heading-style-vertical  vc_custom_1614953306845\"><section class=\"tm-vc_cta3-container\"><div class=\"tm-vc_general tm-vc_cta3 tm-cta3-only tm-vc_cta3-style-classic tm-vc_cta3-shape-rounded tm-vc_cta3-align-left tm-vc_cta3-color-transparent tm-vc_cta3-icon-size-md tm-vc_cta3-actions-no tm-cta3-with-desc\"><div class=\"tm-vc_cta3_content-container\"><div class=\"tm-vc_cta3-content\"><header class=\"tm-vc_cta3-content-header tm-wrap\"><div class=\"tm-vc_cta3-headers tm-wrap-cell\"><h2 style=\"font-size:30px;line-height:30px;font-family:'Titillium Web',Arial,Helvetica;font-weight:600;\" class=\"tm-custom-heading \" >Mecanizado en situ<\/h2>\n<\/div><div class=\"heading-seperator\"><span><\/span><\/div><\/header><div class=\"tm-cta3-content-wrapper\"><p>Prestamos servicios de alta calidad en mecanizado in situ con torno port\u00e1til, maquinado de interiores con barrenadora port\u00e1til y apriete controlado de juntas bridadas (torque).<\/p>\n<ul>\n<li>CLIMAX FF5000: Alcance 4\u201d a 16\u201d, agarre interno.<\/li>\n<li>CLIMAX FF6000: Alcance 12\u201d a 50\u201d, agarre interno.<\/li>\n<li>CLIMAX FF8000: Alcance 40\u201d a 110\u201d, agarre interno.<\/li>\n<li>Tornos de agarre interno 30\u201d a 50\u201d y externo 2\u201d a 10\u201d<\/li>\n<li>Apriete controlado de juntas bridadas (torque), capacidad de 700PSI a 5000PSI presi\u00f3n de torque.<\/li>\n<\/ul>\n<p><\/div><\/div><\/div><\/div><\/section><\/div> <!-- .tm-element-heading-wrapper container --> [vc_single_image image=&#8221;3944&#8243; img_size=&#8221;full&#8221; alignment=&#8221;center&#8221; css=&#8221;.vc_custom_1614953378357{margin-bottom: 5px !important;}&#8221;][vc_column_text][\/vc_column_text][\/vc_column][\/vc_row][vc_row][vc_column]<div class=\"tm-element-heading-wrapper tm-heading-inner tm-element-align-left tm-seperator-none tm-heading-style-vertical \"><section class=\"tm-vc_cta3-container\"><div class=\"tm-vc_general tm-vc_cta3 tm-cta3-only tm-vc_cta3-style-classic tm-vc_cta3-shape-rounded tm-vc_cta3-align-left tm-vc_cta3-color-transparent tm-vc_cta3-icon-size-md tm-vc_cta3-actions-no tm-cta3-with-desc\"><div class=\"tm-vc_cta3_content-container\"><div class=\"tm-vc_cta3-content\"><header class=\"tm-vc_cta3-content-header tm-wrap\"><div class=\"tm-vc_cta3-headers tm-wrap-cell\"><h2 style=\"font-size:30px;line-height:35px;font-family:'Titillium Web',Arial,Helvetica;font-weight:600;\" class=\"tm-custom-heading \" >Mec\u00e1nica de Banco<\/h2>\n<\/div><div class=\"heading-seperator\"><span><\/span><\/div><\/header><div class=\"tm-cta3-content-wrapper\"><p>Reparaci\u00f3n y mantenimiento de bombas centrifugas verticales, reparaci\u00f3n de sistemas hidr\u00e1ulicos, montaje de pizas con prensa hidr\u00e1ulica..<\/p><\/div><\/div><\/div><\/div><\/section><\/div> <!-- .tm-element-heading-wrapper container --> [\/vc_column][\/vc_row]<\/p>\n","protected":false},"excerpt":{"rendered":"<p>[vc_row tm_bgimagefixed=&#8221;&#8221; css=&#8221;.vc_custom_1534501661996{padding-top: 30px !important;}&#8221;][vc_column][vc_single_image image=&#8221;3944&#8243; img_size=&#8221;full&#8221; alignment=&#8221;center&#8221; css=&#8221;.vc_custom_1614953378357{margin-bottom: 5px !important;}&#8221;][vc_column_text][\/vc_column_text][\/vc_column][\/vc_row][vc_row][vc_column][\/vc_column][\/vc_row]<\/p>\n","protected":false},"author":1,"featured_media":0,"parent":0,"menu_order":18,"comment_status":"closed","ping_status":"closed","template":"","meta":{"footnotes":""},"class_list":["post-3939","page","type-page","status-publish","hentry"],"_links":{"self":[{"href":"https:\/\/talleresunidosltda.com\/index.php\/wp-json\/wp\/v2\/pages\/3939","targetHints":{"allow":["GET"]}}],"collection":[{"href":"https:\/\/talleresunidosltda.com\/index.php\/wp-json\/wp\/v2\/pages"}],"about":[{"href":"https:\/\/talleresunidosltda.com\/index.php\/wp-json\/wp\/v2\/types\/page"}],"author":[{"embeddable":true,"href":"https:\/\/talleresunidosltda.com\/index.php\/wp-json\/wp\/v2\/users\/1"}],"replies":[{"embeddable":true,"href":"https:\/\/talleresunidosltda.com\/index.php\/wp-json\/wp\/v2\/comments?post=3939"}],"version-history":[{"count":7,"href":"https:\/\/talleresunidosltda.com\/index.php\/wp-json\/wp\/v2\/pages\/3939\/revisions"}],"predecessor-version":[{"id":3998,"href":"https:\/\/talleresunidosltda.com\/index.php\/wp-json\/wp\/v2\/pages\/3939\/revisions\/3998"}],"wp:attachment":[{"href":"https:\/\/talleresunidosltda.com\/index.php\/wp-json\/wp\/v2\/media?parent=3939"}],"curies":[{"name":"wp","href":"https:\/\/api.w.org\/{rel}","templated":true}]}}